{"id":343,"date":"2025-06-25T20:51:35","date_gmt":"2025-06-25T18:51:35","guid":{"rendered":"https:\/\/rosalistemr.de\/?page_id=343"},"modified":"2025-06-26T22:21:39","modified_gmt":"2025-06-26T20:21:39","slug":"hochschulpolitik","status":"publish","type":"page","link":"https:\/\/rosalistemr.de\/en\/home\/hochschulpolitik\/","title":{"rendered":"Hochschulpolitik"},"content":{"rendered":"<div class=\"wp-block-uagb-container uagb-block-49ef471a alignfull uagb-is-root-container\"><div class=\"uagb-container-inner-blocks-wrap\">\n<div class=\"wp-block-group is-nowrap is-layout-flex wp-container-core-group-is-layout-8f761849 wp-block-group-is-layout-flex\">\n<div class=\"wp-block-uagb-container uagb-block-9156c29a\">\n<div class=\"wp-block-uagb-inline-notice uagb-inline_notice__align-left uagb-block-2c9fad1b\"><button class=\"uagb-notice-close-button\" type=\"button\" aria-label=\"Close\"><\/button><h4 class=\"uagb-notice-title\"><a href=\"https:\/\/rosalistemr.de\/en\/home\/hochschulpolitik\/rosa-liste-im-studierendenparlament\/\" data-type=\"page\" data-id=\"257\">Stupa<\/a><\/h4><div class=\"uagb-notice-text\">\n<p class=\"wp-block-paragraph\">Das Student*innenparlament (StuPa) ist das h\u00f6chste beschlussfassende Gremium der Student*innenschaft und damit die entscheidende Stelle deiner Interessenvertretung gegen\u00fcber Uni, Landesregierung und anderen Akteuren.<\/p>\n<\/div><\/div>\n<\/div>\n\n\n\n<div class=\"wp-block-uagb-container uagb-block-42198460\">\n<div class=\"wp-block-uagb-inline-notice uagb-inline_notice__align-left uagb-block-2e40f1ae\"><button class=\"uagb-notice-close-button\" type=\"button\" aria-label=\"Close\"><\/button><h4 class=\"uagb-notice-title\">Senat<\/h4><div class=\"uagb-notice-text\">\n<p class=\"wp-block-paragraph\">Der Senat ber\u00e4t in Angelegenheiten von Forschung, Lehre und Studium, die f\u00fcr die Universit\u00e4t von grunds\u00e4tzlicher Bedeutung sind. Er besteht aus 17 Mitgliedern unter Vorsitz des Pr\u00e4sidenten\/der Pr\u00e4sidentin der Philipps-Universit\u00e4t.<\/p>\n<\/div><\/div>\n<\/div>\n<\/div>\n\n\n\n<div class=\"wp-block-uagb-container uagb-block-6de38bd2\">\n<div class=\"wp-block-uagb-inline-notice uagb-inline_notice__align-left uagb-block-53e2e085\"><button class=\"uagb-notice-close-button\" type=\"button\" aria-label=\"Close\"><\/button><h4 class=\"uagb-notice-title\"><a href=\"https:\/\/rosalistemr.de\/en\/home\/hochschulpolitik\/geschichte-der-rosa-liste\/\" data-type=\"page\" data-id=\"251\">Archive<\/a><\/h4><div class=\"uagb-notice-text\">\n<p class=\"wp-block-paragraph\">Die Rosa Liste existiert schon seit ca. 1989 und hat in ihrer Geschichte einiges erreicht.  Wir versuchen m\u00f6glichst viele dieser Errungenschaften zu dokumentieren und archivieren um unsere Kontinuit\u00e4t lebendig zu halten. <\/p>\n<\/div><\/div>\n<\/div>\n<\/div><\/div>","protected":false},"excerpt":{"rendered":"","protected":false},"author":4,"featured_media":0,"parent":54,"menu_order":0,"comment_status":"closed","ping_status":"closed","template":"","meta":{"_crdt_document":"","_uag_custom_page_level_css":"","footnotes":""},"class_list":["post-343","page","type-page","status-publish","hentry"],"uagb_featured_image_src":{"full":false,"thumbnail":false,"medium":false,"medium_large":false,"large":false,"1536x1536":false,"2048x2048":false,"trp-custom-language-flag":false,"post-thumbnail":false,"twentytwenty-fullscreen":false},"uagb_author_info":{"display_name":"Viktoria Ehrke","author_link":"https:\/\/rosalistemr.de\/en\/author\/vi\/"},"uagb_comment_info":0,"uagb_excerpt":null,"_links":{"self":[{"href":"https:\/\/rosalistemr.de\/en\/wp-json\/wp\/v2\/pages\/343","targetHints":{"allow":["GET"]}}],"collection":[{"href":"https:\/\/rosalistemr.de\/en\/wp-json\/wp\/v2\/pages"}],"about":[{"href":"https:\/\/rosalistemr.de\/en\/wp-json\/wp\/v2\/types\/page"}],"author":[{"embeddable":true,"href":"https:\/\/rosalistemr.de\/en\/wp-json\/wp\/v2\/users\/4"}],"replies":[{"embeddable":true,"href":"https:\/\/rosalistemr.de\/en\/wp-json\/wp\/v2\/comments?post=343"}],"version-history":[{"count":8,"href":"https:\/\/rosalistemr.de\/en\/wp-json\/wp\/v2\/pages\/343\/revisions"}],"predecessor-version":[{"id":370,"href":"https:\/\/rosalistemr.de\/en\/wp-json\/wp\/v2\/pages\/343\/revisions\/370"}],"up":[{"embeddable":true,"href":"https:\/\/rosalistemr.de\/en\/wp-json\/wp\/v2\/pages\/54"}],"wp:attachment":[{"href":"https:\/\/rosalistemr.de\/en\/wp-json\/wp\/v2\/media?parent=343"}],"curies":[{"name":"wp","href":"https:\/\/api.w.org\/{rel}","templated":true}]}}