{"id":251,"date":"2025-06-18T16:05:13","date_gmt":"2025-06-18T14:05:13","guid":{"rendered":"https:\/\/rosalistemr.de\/?page_id=251"},"modified":"2025-06-26T20:21:26","modified_gmt":"2025-06-26T18:21:26","slug":"geschichte-der-rosa-liste","status":"publish","type":"page","link":"https:\/\/rosalistemr.de\/en\/home\/hochschulpolitik\/geschichte-der-rosa-liste\/","title":{"rendered":"Geschichte der Rosa Liste"},"content":{"rendered":"<p class=\"wp-block-paragraph\"><\/p>\n\n\n\n<div class=\"wp-block-uagb-container uagb-block-e176221f alignfull uagb-is-root-container\">\t\t\t<div class = \"wp-block-uagb-post-timeline uagb-timeline__outer-wrap uagb-block-d78e8d59    uagb-timeline__arrow-center uagb-timeline__center-block uagb_timeline__cta-enable uagb-timeline uagb-timeline__content-wrap\t\t\tuagb-timeline__arrow-center uagb-timeline__center-block uagb_timeline__cta-enable uagb-timeline uagb-timeline__content-wrap\"\n\t\t\tstyle=\"\" >\n\t\t\t\t\t\t\t\t\t\t\t<article class = \"uagb-timeline__field  uagb-timeline__right\">\n\t\t\t\t\t\t\t\t<div class = \"uagb-timeline__marker uagb-timeline__out-view-icon\" >\n\t\t\t\t<span class = \"uagb-timeline__icon-new uagb-timeline__out-view-icon\" >\t\t\t\t<svg xmlns=\"https:\/\/www.w3.org\/2000\/svg\" viewbox= \"0 0 448 512\"><path d=\"M160 32V64H288V32C288 14.33 302.3 0 320 0C337.7 0 352 14.33 352 32V64H400C426.5 64 448 85.49 448 112V160H0V112C0 85.49 21.49 64 48 64H96V32C96 14.33 110.3 0 128 0C145.7 0 160 14.33 160 32zM0 192H448V464C448 490.5 426.5 512 400 512H48C21.49 512 0 490.5 0 464V192zM80 256C71.16 256 64 263.2 64 272V368C64 376.8 71.16 384 80 384H176C184.8 384 192 376.8 192 368V272C192 263.2 184.8 256 176 256H80z\"><\/path><\/svg>\n\t\t\t\t<\/span>\n\t\t\t<\/div>\n\t\t\t\t\t\t\t\t<div class = \"uagb-timeline__day-new uagb-timeline__day-right uagb-timeline__events-inner-new\" >\n\t\t\t\t\t\t<div class=\"uagb-timeline__events-inner--content\">\n\t\t\t\t\t\t\t\t\t\t\t<div datetime=\"2016-03-02T20:00:00+01:00\" class=\"uagb-timeline__date-hide uagb-timeline__inner-date-new\">\n\t\t\t\tMarch 2, 2016\t\t\t<\/div>\n\t\t\t\t\t\t\t\t\t\t\t\t\t\t\t\t\t\t\t\t\t\t\t\t\t\t<h6 class=\"uagb-timeline__heading\" >\n\t\t\t\t\t<a href=\"https:\/\/rosalistemr.de\/en\/2016\/03\/02\/antrag-antidiskriminierungsstelle\/\" target=\"_self\" rel=\"noopener noreferrer\">Antrag zur Intervention gegen Diskriminierung von trans* &amp; inter Studis<\/a>\n\t\t\t\t<\/h6>\n\t\t\t\t\t\t\t\t\t\t\t<span class=\"dashicons-admin-users dashicons\"><\/span>\n\t\t\t\t<a class=\"uagb-timeline__author-link\" href=\"https:\/\/rosalistemr.de\/en\/author\/rosalisteadmin\/\">rosaliste<\/a>\n\t\t\t\t\t\t\t<div class=\"uagb-timeline-desc-content\">\n\t\t\t\t<p>Das Studiererendenparlament m\u00f6ge sich folgenderma\u00dfen positionieren:Die Vielfalt von Geschlecht ist Realit\u00e4t des universit\u00e4ren Alltags. Das Studierendenparlament spricht sich f\u00fcr die F\u00f6rderung von selbstbestimmten und emanzipatorischen Strukturen aus, und unterstreicht f\u00f6rderhin die Wichtigkeit der Sichtbarkeit, und das Empowerment, von trans* und inter Personen. Die Studierendenschaft an der Philipps-Universit\u00e4t Marburg positioniert sich&#8230;\t\t\t<\/div>\n\t\t\t\t\t\t<div class=\"uagb-timeline__link_parent wp-block-button\">\n\t\t\t\t<a class=\"uagb-timeline__link wp-block-button__link\" style=\"\" href=\"https:\/\/rosalistemr.de\/en\/2016\/03\/02\/antrag-antidiskriminierungsstelle\/\" target=\"_self\" rel=\" noopener noreferrer\">Read More<\/a>\n\t\t\t<\/div>\n\t\t\t\t\t\t\t\t\t\t\t<div class = \"uagb-timeline__arrow\"><\/div>\n\t\t\t\t\t\t<\/div>\n\t\t\t\t\t<\/div>\n\t\t\t\t\t\t\t\t\t\t\t\t\t\t<div datetime=\"2016-03-02T20:00:00+01:00\" class=\"uagb-timeline__date-new\">\n\t\t\t\tMarch 2, 2016\t\t\t<\/div>\n\t\t\t\t\t\t\t\t\t\t\t<\/article>\n\t\t\t\t\t\t<article class = \"uagb-timeline__field  uagb-timeline__left\">\n\t\t\t\t\t\t\t\t<div class = \"uagb-timeline__marker uagb-timeline__out-view-icon\" >\n\t\t\t\t<span class = \"uagb-timeline__icon-new uagb-timeline__out-view-icon\" >\t\t\t\t<svg xmlns=\"https:\/\/www.w3.org\/2000\/svg\" viewbox= \"0 0 448 512\"><path d=\"M160 32V64H288V32C288 14.33 302.3 0 320 0C337.7 0 352 14.33 352 32V64H400C426.5 64 448 85.49 448 112V160H0V112C0 85.49 21.49 64 48 64H96V32C96 14.33 110.3 0 128 0C145.7 0 160 14.33 160 32zM0 192H448V464C448 490.5 426.5 512 400 512H48C21.49 512 0 490.5 0 464V192zM80 256C71.16 256 64 263.2 64 272V368C64 376.8 71.16 384 80 384H176C184.8 384 192 376.8 192 368V272C192 263.2 184.8 256 176 256H80z\"><\/path><\/svg>\n\t\t\t\t<\/span>\n\t\t\t<\/div>\n\t\t\t\t\t\t\t\t<div class = \"uagb-timeline__day-new uagb-timeline__day-left uagb-timeline__events-inner-new\" >\n\t\t\t\t\t\t<div class=\"uagb-timeline__events-inner--content\">\n\t\t\t\t\t\t\t\t\t\t\t<div datetime=\"2015-06-30T13:00:19+02:00\" class=\"uagb-timeline__date-hide uagb-timeline__inner-date-new\">\n\t\t\t\tJune 30, 2015\t\t\t<\/div>\n\t\t\t\t\t\t\t\t\t\t\t\t\t\t\t\t\t\t\t\t\t\t\t\t\t\t<h6 class=\"uagb-timeline__heading\" >\n\t\t\t\t\t<a href=\"https:\/\/rosalistemr.de\/en\/2015\/06\/30\/rosa-liste-an-der-philipps-universitaet-marburg\/\" target=\"_self\" rel=\"noopener noreferrer\">Rosa Liste an der Philipps-Universit\u00e4t Marburg<\/a>\n\t\t\t\t<\/h6>\n\t\t\t\t\t\t\t\t\t\t\t<span class=\"dashicons-admin-users dashicons\"><\/span>\n\t\t\t\t<a class=\"uagb-timeline__author-link\" href=\"https:\/\/rosalistemr.de\/en\/author\/rosalisteadmin\/\">rosaliste<\/a>\n\t\t\t\t\t\t\t<div class=\"uagb-timeline-desc-content\">\n\t\t\t\t<p>Willkommen! Fortschritt kann nur dann entstehen wenn wir fortschreiten. Politisch passiv, auf den Schultern der Toleranten und den Verfechtern von Akzeptanz bleiben LSBT*IQ auf dem Weg zu ihrer Emanzipation kaum weiter als in ihren Kinderschuhen stehen. Eine fordernde Emanzipation jedoch kann nur aktiv erlangt werden. Wir m\u00fcssen aufstehen, rausgehen und&#8230;\t\t\t<\/div>\n\t\t\t\t\t\t<div class=\"uagb-timeline__link_parent wp-block-button\">\n\t\t\t\t<a class=\"uagb-timeline__link wp-block-button__link\" style=\"\" href=\"https:\/\/rosalistemr.de\/en\/2015\/06\/30\/rosa-liste-an-der-philipps-universitaet-marburg\/\" target=\"_self\" rel=\" noopener noreferrer\">Read More<\/a>\n\t\t\t<\/div>\n\t\t\t\t\t\t\t\t\t\t\t<div class = \"uagb-timeline__arrow\"><\/div>\n\t\t\t\t\t\t<\/div>\n\t\t\t\t\t<\/div>\n\t\t\t\t\t\t\t\t\t\t\t\t\t\t<div datetime=\"2015-06-30T13:00:19+02:00\" class=\"uagb-timeline__date-new\">\n\t\t\t\tJune 30, 2015\t\t\t<\/div>\n\t\t\t\t\t\t\t\t\t\t\t<\/article>\n\t\t\t\t\t\t<article class = \"uagb-timeline__field  uagb-timeline__right\">\n\t\t\t\t\t\t\t\t<div class = \"uagb-timeline__marker uagb-timeline__out-view-icon\" >\n\t\t\t\t<span class = \"uagb-timeline__icon-new uagb-timeline__out-view-icon\" >\t\t\t\t<svg xmlns=\"https:\/\/www.w3.org\/2000\/svg\" viewbox= \"0 0 448 512\"><path d=\"M160 32V64H288V32C288 14.33 302.3 0 320 0C337.7 0 352 14.33 352 32V64H400C426.5 64 448 85.49 448 112V160H0V112C0 85.49 21.49 64 48 64H96V32C96 14.33 110.3 0 128 0C145.7 0 160 14.33 160 32zM0 192H448V464C448 490.5 426.5 512 400 512H48C21.49 512 0 490.5 0 464V192zM80 256C71.16 256 64 263.2 64 272V368C64 376.8 71.16 384 80 384H176C184.8 384 192 376.8 192 368V272C192 263.2 184.8 256 176 256H80z\"><\/path><\/svg>\n\t\t\t\t<\/span>\n\t\t\t<\/div>\n\t\t\t\t\t\t\t\t<div class = \"uagb-timeline__day-new uagb-timeline__day-right uagb-timeline__events-inner-new\" >\n\t\t\t\t\t\t<div class=\"uagb-timeline__events-inner--content\">\n\t\t\t\t\t\t\t\t\t\t\t<div datetime=\"2015-05-17T13:12:58+02:00\" class=\"uagb-timeline__date-hide uagb-timeline__inner-date-new\">\n\t\t\t\tMay 17, 2015\t\t\t<\/div>\n\t\t\t\t\t\t\t\t\t\t\t\t\t\t\t\t\t\t\t\t\t\t\t\t\t\t<h6 class=\"uagb-timeline__heading\" >\n\t\t\t\t\t<a href=\"https:\/\/rosalistemr.de\/en\/2015\/05\/17\/homophob-sind-nur-die-anderen\/\" target=\"_self\" rel=\"noopener noreferrer\">\u201eHomophob sind nur die\u00a0Anderen!\u201c<\/a>\n\t\t\t\t<\/h6>\n\t\t\t\t\t\t\t\t\t\t\t<span class=\"dashicons-admin-users dashicons\"><\/span>\n\t\t\t\t<a class=\"uagb-timeline__author-link\" href=\"https:\/\/rosalistemr.de\/en\/author\/rosalisteadmin\/\">rosaliste<\/a>\n\t\t\t\t\t\t\t<div class=\"uagb-timeline-desc-content\">\n\t\t\t\t<p>Vor 25 Jahren wurde Homosexualit\u00e4t aus dem Krankheitsindex der Vereinten Nationen gestrichen. Der 17. Mai wurde daher zum \u201eInternationalen Tag gegen Homo \u2013 Bi und Trans*phobie\u201c, kurz: IDAHOT erkl\u00e4rt. Er soll auf die anhaltende Diskriminierung sexueller Minderheiten \u00fcberall auf der Welt hinweisen. Heute j\u00e4hrt sich der IDAHOT zum elften Mal&#8230;.\t\t\t<\/div>\n\t\t\t\t\t\t<div class=\"uagb-timeline__link_parent wp-block-button\">\n\t\t\t\t<a class=\"uagb-timeline__link wp-block-button__link\" style=\"\" href=\"https:\/\/rosalistemr.de\/en\/2015\/05\/17\/homophob-sind-nur-die-anderen\/\" target=\"_self\" rel=\" noopener noreferrer\">Read More<\/a>\n\t\t\t<\/div>\n\t\t\t\t\t\t\t\t\t\t\t<div class = \"uagb-timeline__arrow\"><\/div>\n\t\t\t\t\t\t<\/div>\n\t\t\t\t\t<\/div>\n\t\t\t\t\t\t\t\t\t\t\t\t\t\t<div datetime=\"2015-05-17T13:12:58+02:00\" class=\"uagb-timeline__date-new\">\n\t\t\t\tMay 17, 2015\t\t\t<\/div>\n\t\t\t\t\t\t\t\t\t\t\t<\/article>\n\t\t\t\t\t\t\t\t\t\t<div class = \"uagb-timeline__line\" >\n\t\t\t\t\t<div class = \"uagb-timeline__line__inner\"><\/div>\n\t\t\t\t<\/div>\n\t\t\t<\/div>\n\t\t\t\n\n\n<div class=\"wp-block-uagb-inline-notice uagb-inline_notice__align-left uagb-block-aa4ea3b5\"><button class=\"uagb-notice-close-button\" type=\"button\" aria-label=\"Close\"><\/button><h4 class=\"uagb-notice-title\">Disclaimer<\/h4><div class=\"uagb-notice-text\">\n<p class=\"wp-block-paragraph\">Dieser Inhalt wurde unver\u00e4ndert von der alten Website der Rosa Liste \u00fcbernommen. Als Liste mit lange zur\u00fcckf\u00fchrender Geschichte an der Universit\u00e4t verstehen wir die Bedeutung von Archivierung und Kontinuit\u00e4t. Was du hier liest, ist also nicht unbedingt unser heutiger Standpunkt, aber Teil dessen, woher wir kommen.<\/p>\n<\/div><\/div>\n<\/div>\n\n\n\n<p class=\"wp-block-paragraph\"><\/p>\n\n\n\n<p class=\"wp-block-paragraph\"><\/p>","protected":false},"excerpt":{"rendered":"","protected":false},"author":4,"featured_media":0,"parent":343,"menu_order":0,"comment_status":"closed","ping_status":"closed","template":"","meta":{"_crdt_document":"","_uag_custom_page_level_css":"","footnotes":""},"class_list":["post-251","page","type-page","status-publish","hentry"],"uagb_featured_image_src":{"full":false,"thumbnail":false,"medium":false,"medium_large":false,"large":false,"1536x1536":false,"2048x2048":false,"trp-custom-language-flag":false,"post-thumbnail":false,"twentytwenty-fullscreen":false},"uagb_author_info":{"display_name":"Viktoria Ehrke","author_link":"https:\/\/rosalistemr.de\/en\/author\/vi\/"},"uagb_comment_info":0,"uagb_excerpt":null,"_links":{"self":[{"href":"https:\/\/rosalistemr.de\/en\/wp-json\/wp\/v2\/pages\/251","targetHints":{"allow":["GET"]}}],"collection":[{"href":"https:\/\/rosalistemr.de\/en\/wp-json\/wp\/v2\/pages"}],"about":[{"href":"https:\/\/rosalistemr.de\/en\/wp-json\/wp\/v2\/types\/page"}],"author":[{"embeddable":true,"href":"https:\/\/rosalistemr.de\/en\/wp-json\/wp\/v2\/users\/4"}],"replies":[{"embeddable":true,"href":"https:\/\/rosalistemr.de\/en\/wp-json\/wp\/v2\/comments?post=251"}],"version-history":[{"count":10,"href":"https:\/\/rosalistemr.de\/en\/wp-json\/wp\/v2\/pages\/251\/revisions"}],"predecessor-version":[{"id":336,"href":"https:\/\/rosalistemr.de\/en\/wp-json\/wp\/v2\/pages\/251\/revisions\/336"}],"up":[{"embeddable":true,"href":"https:\/\/rosalistemr.de\/en\/wp-json\/wp\/v2\/pages\/343"}],"wp:attachment":[{"href":"https:\/\/rosalistemr.de\/en\/wp-json\/wp\/v2\/media?parent=251"}],"curies":[{"name":"wp","href":"https:\/\/api.w.org\/{rel}","templated":true}]}}