{"id":192,"date":"2025-06-06T22:38:38","date_gmt":"2025-06-06T20:38:38","guid":{"rendered":"https:\/\/rosalistemr.de\/?page_id=192"},"modified":"2025-06-06T22:50:42","modified_gmt":"2025-06-06T20:50:42","slug":"impressum","status":"publish","type":"page","link":"https:\/\/rosalistemr.de\/en\/home\/impressum\/","title":{"rendered":"Impressum"},"content":{"rendered":"<p class=\"wp-block-paragraph\"><strong>Anschrift:<\/strong><br>Rosa Liste Marburg<br>c\/o AStA der Philipps-Universit\u00e4t Marburg<br>Erlenring 5<br>35037 Marburg<\/p>\n\n\n\n<p class=\"wp-block-paragraph\"><strong>E-Mail:<\/strong> rosaliste@outlook.de<br><strong>Instagram:<\/strong> <a href=\"https:\/\/instagram.com\/rosalistemr\">@rosalistemr<\/a><\/p>\n\n\n\n<hr class=\"wp-block-separator has-alpha-channel-opacity\"\/>\n\n\n\n<h3 class=\"wp-block-heading\">Verantwortlich f\u00fcr den Inhalt<\/h3>\n\n\n\n<p class=\"wp-block-paragraph\"><strong>Viktoria Ehrke<\/strong><br>c\/o AStA der Philipps-Universit\u00e4t Marburg<br>Erlenring 5<br>35037 Marburg<br>E-Mail: rosaliste@outlook.de<\/p>\n\n\n\n<hr class=\"wp-block-separator has-alpha-channel-opacity\"\/>\n\n\n\n<h3 class=\"wp-block-heading\">Haftung f\u00fcr Inhalte<\/h3>\n\n\n\n<p class=\"wp-block-paragraph\">Als Diensteanbieter sind wir gem\u00e4\u00df \u00a7 7 Abs.1 TMG f\u00fcr eigene Inhalte auf diesen Seiten nach den allgemeinen Gesetzen verantwortlich. Nach \u00a7\u00a7 8 bis 10 TMG sind wir als Diensteanbieter jedoch nicht verpflichtet, \u00fcbermittelte oder gespeicherte fremde Informationen zu \u00fcberwachen oder nach Umst\u00e4nden zu forschen, die auf eine rechtswidrige T\u00e4tigkeit hinweisen. Verpflichtungen zur Entfernung oder Sperrung der Nutzung von Informationen nach den allgemeinen Gesetzen bleiben hiervon unber\u00fchrt. Eine diesbez\u00fcgliche Haftung ist jedoch erst ab dem Zeitpunkt der Kenntnis einer konkreten Rechtsverletzung m\u00f6glich. Bei Bekanntwerden von entsprechenden Rechtsverletzungen werden wir diese Inhalte umgehend entfernen.<\/p>\n\n\n\n<hr class=\"wp-block-separator has-alpha-channel-opacity\"\/>\n\n\n\n<h3 class=\"wp-block-heading\">Haftung f\u00fcr Links<\/h3>\n\n\n\n<p class=\"wp-block-paragraph\">Unser Angebot enth\u00e4lt Links zu externen Webseiten Dritter, auf deren Inhalte wir keinen Einfluss haben. Deshalb k\u00f6nnen wir f\u00fcr diese fremden Inhalte auch keine Gew\u00e4hr \u00fcbernehmen. F\u00fcr die Inhalte der verlinkten Seiten ist stets der jeweilige Anbieter oder Betreiber der Seiten verantwortlich. Die verlinkten Seiten wurden zum Zeitpunkt der Verlinkung auf m\u00f6gliche Rechtsverst\u00f6\u00dfe \u00fcberpr\u00fcft. Rechtswidrige Inhalte waren zum Zeitpunkt der Verlinkung nicht erkennbar. Eine permanente inhaltliche Kontrolle der verlinkten Seiten ist jedoch ohne konkrete Anhaltspunkte einer Rechtsverletzung nicht zumutbar. Bei Bekanntwerden von Rechtsverletzungen werden wir derartige Links umgehend entfernen.<\/p>\n\n\n\n<hr class=\"wp-block-separator has-alpha-channel-opacity\"\/>\n\n\n\n<h3 class=\"wp-block-heading\">Urheberrecht<\/h3>\n\n\n\n<p class=\"wp-block-paragraph\">Die auf dieser Website erstellten Inhalte und Werke unterliegen dem deutschen Urheberrecht. Beitr\u00e4ge Dritter sind entsprechend gekennzeichnet. Die Vervielf\u00e4ltigung, Bearbeitung oder Verbreitung au\u00dferhalb der Grenzen des Urheberrechts bed\u00fcrfen der Zustimmung der jeweiligen Autor*innen. Downloads und Kopien dieser Seite sind nur f\u00fcr den privaten Gebrauch gestattet.<\/p>","protected":false},"excerpt":{"rendered":"<p>Anschrift:Rosa Liste Marburgc\/o AStA der Philipps-Universit\u00e4t MarburgErlenring 535037 Marburg E-Mail: rosaliste@outlook.deInstagram: @rosalistemr Verantwortlich f\u00fcr den Inhalt Viktoria Ehrkec\/o AStA der Philipps-Universit\u00e4t MarburgErlenring 535037 MarburgE-Mail: rosaliste@outlook.de Haftung f\u00fcr Inhalte Als Diensteanbieter [&hellip;]<\/p>","protected":false},"author":4,"featured_media":0,"parent":54,"menu_order":0,"comment_status":"closed","ping_status":"closed","template":"","meta":{"_crdt_document":"","_uag_custom_page_level_css":"","footnotes":""},"class_list":["post-192","page","type-page","status-publish","hentry"],"uagb_featured_image_src":{"full":false,"thumbnail":false,"medium":false,"medium_large":false,"large":false,"1536x1536":false,"2048x2048":false,"trp-custom-language-flag":false,"post-thumbnail":false,"twentytwenty-fullscreen":false},"uagb_author_info":{"display_name":"Viktoria Ehrke","author_link":"https:\/\/rosalistemr.de\/en\/author\/vi\/"},"uagb_comment_info":0,"uagb_excerpt":"Anschrift:Rosa Liste Marburgc\/o AStA der Philipps-Universit\u00e4t MarburgErlenring 535037 Marburg E-Mail: rosaliste@outlook.deInstagram: @rosalistemr Verantwortlich f\u00fcr den Inhalt Viktoria Ehrkec\/o AStA der Philipps-Universit\u00e4t MarburgErlenring 535037 MarburgE-Mail: rosaliste@outlook.de Haftung f\u00fcr Inhalte Als Diensteanbieter [&hellip;]","_links":{"self":[{"href":"https:\/\/rosalistemr.de\/en\/wp-json\/wp\/v2\/pages\/192","targetHints":{"allow":["GET"]}}],"collection":[{"href":"https:\/\/rosalistemr.de\/en\/wp-json\/wp\/v2\/pages"}],"about":[{"href":"https:\/\/rosalistemr.de\/en\/wp-json\/wp\/v2\/types\/page"}],"author":[{"embeddable":true,"href":"https:\/\/rosalistemr.de\/en\/wp-json\/wp\/v2\/users\/4"}],"replies":[{"embeddable":true,"href":"https:\/\/rosalistemr.de\/en\/wp-json\/wp\/v2\/comments?post=192"}],"version-history":[{"count":4,"href":"https:\/\/rosalistemr.de\/en\/wp-json\/wp\/v2\/pages\/192\/revisions"}],"predecessor-version":[{"id":199,"href":"https:\/\/rosalistemr.de\/en\/wp-json\/wp\/v2\/pages\/192\/revisions\/199"}],"up":[{"embeddable":true,"href":"https:\/\/rosalistemr.de\/en\/wp-json\/wp\/v2\/pages\/54"}],"wp:attachment":[{"href":"https:\/\/rosalistemr.de\/en\/wp-json\/wp\/v2\/media?parent=192"}],"curies":[{"name":"wp","href":"https:\/\/api.w.org\/{rel}","templated":true}]}}